{"id":199,"date":"2026-05-04T12:27:17","date_gmt":"2026-05-04T10:27:17","guid":{"rendered":"https:\/\/work-2-work.de\/?page_id=199"},"modified":"2026-05-04T12:46:44","modified_gmt":"2026-05-04T10:46:44","slug":"datenschutzhinweis","status":"publish","type":"page","link":"https:\/\/work-2-work.de\/?page_id=199","title":{"rendered":"Datenschutzhinweis"},"content":{"rendered":"\t\t<div data-elementor-type=\"wp-page\" data-elementor-id=\"199\" class=\"elementor elementor-199\" data-elementor-post-type=\"page\">\n\t\t\t\t\t\t<div class=\"elementor-element elementor-element-6006961 e-con e-atomic-element e-flexbox-base e-6006961-87ad3f9\" data-id=\"6006961\" data-element_type=\"e-flexbox\" data-e-type=\"e-flexbox\" data-interaction-id=\"6006961\">\n\t\t\t\t<div class=\"elementor-element elementor-element-8f662e6 e-con e-atomic-element e-flexbox-base e-8f662e6-e2087ad\" data-id=\"8f662e6\" data-element_type=\"e-flexbox\" data-e-type=\"e-flexbox\" data-interaction-id=\"8f662e6\">\n\t\t\t\t\t\t\t<h2 \n\t\tdata-interaction-id=\"fbc1c0c\" \n\t\tclass=\"e-fbc1c0c-109f14f e-heading-base\" \n\t\t \n\t\t\n\t>\n\t\n\t\t\tDatenschutzhinweis\n\t\t<\/h2>\n\t\t\t\t\t\t\t\t<p class=\"e-de23acf-d2ddf8f e-paragraph-base\" data-interaction-id=\"de23acf\"  >\n\t\t\t\t\t\t\t\tMit dem Absenden dieses Formulars werden die von Ihnen eingegebenen Daten (Name, E\u2011Mail\u2011Adresse und Nachricht) zum Zweck der Bearbeitung Ihrer Anfrage verarbeitet.<br>Rechtsgrundlage hierf\u00fcr ist Art. 6 Abs. 1 lit. b DSGVO (Vertrag oder vorvertragliche Ma\u00dfnahmen).Ihre Daten werden ausschlie\u00dflich zur Bearbeitung Ihrer Anfrage verwendet und anschlie\u00dfend gel\u00f6scht, sofern keine gesetzlichen Aufbewahrungspflichten bestehen.Weitere Informationen zur Verarbeitung personenbezogener Daten finden Sie in unserer Datenschutzerkl\u00e4rung.<br>Sie k\u00f6nnen der Verarbeitung jederzeit mit Wirkung f\u00fcr die Zukunft widersprechen.\n\t\t\t\t\t<\/p>\n\t\t\t\t<div class=\"elementor-element elementor-element-dfeffca elementor-widget elementor-widget-button\" data-id=\"dfeffca\" data-element_type=\"widget\" data-e-type=\"widget\" data-widget_type=\"button.default\">\n\t\t\t\t\t\t\t\t\t\t<a class=\"elementor-button elementor-button-link elementor-size-sm\" href=\"https:\/\/work-2-work.de\/\">\n\t\t\t\t\t\t<span class=\"elementor-button-content-wrapper\">\n\t\t\t\t\t\t\t\t\t<span class=\"elementor-button-text\">Zur\u00fcck zur Homepage<\/span>\n\t\t\t\t\t<\/span>\n\t\t\t\t\t<\/a>\n\t\t\t\t\t\t\t\t<\/div>\n\t\t\t\t<\/div>\n\t\t\t\t<\/div>\n\t\t\t\t<\/div>\n\t\t","protected":false},"excerpt":{"rendered":"<p>Datenschutzhinweis Mit dem Absenden dieses Formulars werden die von Ihnen eingegebenen Daten (Name, E\u2011Mail\u2011Adresse und Nachricht) zum Zweck der Bearbeitung Ihrer Anfrage verarbeitet.Rechtsgrundlage hierf\u00fcr ist Art. 6 Abs. 1 lit. b DSGVO (Vertrag oder vorvertragliche Ma\u00dfnahmen).Ihre Daten werden ausschlie\u00dflich zur Bearbeitung Ihrer Anfrage verwendet und anschlie\u00dfend gel\u00f6scht, sofern keine gesetzlichen Aufbewahrungspflichten bestehen.Weitere Informationen zur Verarbeitung [&hellip;]<\/p>\n","protected":false},"author":1,"featured_media":0,"parent":0,"menu_order":0,"comment_status":"closed","ping_status":"closed","template":"","meta":{"ocean_post_layout":"","ocean_both_sidebars_style":"","ocean_both_sidebars_content_width":0,"ocean_both_sidebars_sidebars_width":0,"ocean_sidebar":"","ocean_second_sidebar":"","ocean_disable_margins":"enable","ocean_add_body_class":"","ocean_shortcode_before_top_bar":"","ocean_shortcode_after_top_bar":"","ocean_shortcode_before_header":"","ocean_shortcode_after_header":"","ocean_has_shortcode":"","ocean_shortcode_after_title":"","ocean_shortcode_before_footer_widgets":"","ocean_shortcode_after_footer_widgets":"","ocean_shortcode_before_footer_bottom":"","ocean_shortcode_after_footer_bottom":"","ocean_display_top_bar":"default","ocean_display_header":"default","ocean_header_style":"","ocean_center_header_left_menu":"","ocean_custom_header_template":"","ocean_custom_logo":0,"ocean_custom_retina_logo":0,"ocean_custom_logo_max_width":0,"ocean_custom_logo_tablet_max_width":0,"ocean_custom_logo_mobile_max_width":0,"ocean_custom_logo_max_height":0,"ocean_custom_logo_tablet_max_height":0,"ocean_custom_logo_mobile_max_height":0,"ocean_header_custom_menu":"","ocean_menu_typo_font_family":"","ocean_menu_typo_font_subset":"","ocean_menu_typo_font_size":0,"ocean_menu_typo_font_size_tablet":0,"ocean_menu_typo_font_size_mobile":0,"ocean_menu_typo_font_size_unit":"px","ocean_menu_typo_font_weight":"","ocean_menu_typo_font_weight_tablet":"","ocean_menu_typo_font_weight_mobile":"","ocean_menu_typo_transform":"","ocean_menu_typo_transform_tablet":"","ocean_menu_typo_transform_mobile":"","ocean_menu_typo_line_height":0,"ocean_menu_typo_line_height_tablet":0,"ocean_menu_typo_line_height_mobile":0,"ocean_menu_typo_line_height_unit":"","ocean_menu_typo_spacing":0,"ocean_menu_typo_spacing_tablet":0,"ocean_menu_typo_spacing_mobile":0,"ocean_menu_typo_spacing_unit":"","ocean_menu_link_color":"","ocean_menu_link_color_hover":"","ocean_menu_link_color_active":"","ocean_menu_link_background":"","ocean_menu_link_hover_background":"","ocean_menu_link_active_background":"","ocean_menu_social_links_bg":"","ocean_menu_social_hover_links_bg":"","ocean_menu_social_links_color":"","ocean_menu_social_hover_links_color":"","ocean_disable_title":"default","ocean_disable_heading":"default","ocean_post_title":"","ocean_post_subheading":"","ocean_post_title_style":"","ocean_post_title_background_color":"","ocean_post_title_background":0,"ocean_post_title_bg_image_position":"","ocean_post_title_bg_image_attachment":"","ocean_post_title_bg_image_repeat":"","ocean_post_title_bg_image_size":"","ocean_post_title_height":0,"ocean_post_title_bg_overlay":0.5,"ocean_post_title_bg_overlay_color":"","ocean_disable_breadcrumbs":"default","ocean_breadcrumbs_color":"","ocean_breadcrumbs_separator_color":"","ocean_breadcrumbs_links_color":"","ocean_breadcrumbs_links_hover_color":"","ocean_display_footer_widgets":"default","ocean_display_footer_bottom":"default","ocean_custom_footer_template":"","footnotes":""},"class_list":["post-199","page","type-page","status-publish","hentry","entry"],"yoast_head":"<!-- This site is optimized with the Yoast SEO plugin v27.5 - https:\/\/yoast.com\/product\/yoast-seo-wordpress\/ -->\n<title>Datenschutzhinweis - Work2Work<\/title>\n<meta name=\"robots\" content=\"index, follow, max-snippet:-1, max-image-preview:large, max-video-preview:-1\" \/>\n<link rel=\"canonical\" href=\"https:\/\/work-2-work.de\/?page_id=199\" \/>\n<meta property=\"og:locale\" content=\"de_DE\" \/>\n<meta property=\"og:type\" content=\"article\" \/>\n<meta property=\"og:title\" content=\"Datenschutzhinweis - Work2Work\" \/>\n<meta property=\"og:description\" content=\"Datenschutzhinweis Mit dem Absenden dieses Formulars werden die von Ihnen eingegebenen Daten (Name, E\u2011Mail\u2011Adresse und Nachricht) zum Zweck der Bearbeitung Ihrer Anfrage verarbeitet.Rechtsgrundlage hierf\u00fcr ist Art. 6 Abs. 1 lit. b DSGVO (Vertrag oder vorvertragliche Ma\u00dfnahmen).Ihre Daten werden ausschlie\u00dflich zur Bearbeitung Ihrer Anfrage verwendet und anschlie\u00dfend gel\u00f6scht, sofern keine gesetzlichen Aufbewahrungspflichten bestehen.Weitere Informationen zur Verarbeitung [&hellip;]\" \/>\n<meta property=\"og:url\" content=\"https:\/\/work-2-work.de\/?page_id=199\" \/>\n<meta property=\"og:site_name\" content=\"Work2Work\" \/>\n<meta property=\"article:modified_time\" content=\"2026-05-04T10:46:44+00:00\" \/>\n<meta name=\"twitter:card\" content=\"summary_large_image\" \/>\n<meta name=\"twitter:label1\" content=\"Gesch\u00e4tzte Lesezeit\" \/>\n\t<meta name=\"twitter:data1\" content=\"1\u00a0Minute\" \/>\n<script type=\"application\/ld+json\" class=\"yoast-schema-graph\">{\"@context\":\"https:\\\/\\\/schema.org\",\"@graph\":[{\"@type\":\"WebPage\",\"@id\":\"https:\\\/\\\/work-2-work.de\\\/?page_id=199\",\"url\":\"https:\\\/\\\/work-2-work.de\\\/?page_id=199\",\"name\":\"Datenschutzhinweis - Work2Work\",\"isPartOf\":{\"@id\":\"https:\\\/\\\/work-2-work.de\\\/#website\"},\"datePublished\":\"2026-05-04T10:27:17+00:00\",\"dateModified\":\"2026-05-04T10:46:44+00:00\",\"breadcrumb\":{\"@id\":\"https:\\\/\\\/work-2-work.de\\\/?page_id=199#breadcrumb\"},\"inLanguage\":\"de\",\"potentialAction\":[{\"@type\":\"ReadAction\",\"target\":[\"https:\\\/\\\/work-2-work.de\\\/?page_id=199\"]}]},{\"@type\":\"BreadcrumbList\",\"@id\":\"https:\\\/\\\/work-2-work.de\\\/?page_id=199#breadcrumb\",\"itemListElement\":[{\"@type\":\"ListItem\",\"position\":1,\"name\":\"Home\",\"item\":\"https:\\\/\\\/work-2-work.de\\\/\"},{\"@type\":\"ListItem\",\"position\":2,\"name\":\"Datenschutzhinweis\"}]},{\"@type\":\"WebSite\",\"@id\":\"https:\\\/\\\/work-2-work.de\\\/#website\",\"url\":\"https:\\\/\\\/work-2-work.de\\\/\",\"name\":\"Work2Work\",\"description\":\"Die Revolution der Fahrzeugservice-Verwaltung\",\"publisher\":{\"@id\":\"https:\\\/\\\/work-2-work.de\\\/#organization\"},\"potentialAction\":[{\"@type\":\"SearchAction\",\"target\":{\"@type\":\"EntryPoint\",\"urlTemplate\":\"https:\\\/\\\/work-2-work.de\\\/?s={search_term_string}\"},\"query-input\":{\"@type\":\"PropertyValueSpecification\",\"valueRequired\":true,\"valueName\":\"search_term_string\"}}],\"inLanguage\":\"de\"},{\"@type\":\"Organization\",\"@id\":\"https:\\\/\\\/work-2-work.de\\\/#organization\",\"name\":\"Work2Work\",\"url\":\"https:\\\/\\\/work-2-work.de\\\/\",\"logo\":{\"@type\":\"ImageObject\",\"inLanguage\":\"de\",\"@id\":\"https:\\\/\\\/work-2-work.de\\\/#\\\/schema\\\/logo\\\/image\\\/\",\"url\":\"https:\\\/\\\/work-2-work.de\\\/wp-content\\\/uploads\\\/sites\\\/7\\\/2026\\\/01\\\/Work2Work.png\",\"contentUrl\":\"https:\\\/\\\/work-2-work.de\\\/wp-content\\\/uploads\\\/sites\\\/7\\\/2026\\\/01\\\/Work2Work.png\",\"width\":351,\"height\":50,\"caption\":\"Work2Work\"},\"image\":{\"@id\":\"https:\\\/\\\/work-2-work.de\\\/#\\\/schema\\\/logo\\\/image\\\/\"}}]}<\/script>\n<!-- \/ Yoast SEO plugin. -->","yoast_head_json":{"title":"Datenschutzhinweis - Work2Work","robots":{"index":"index","follow":"follow","max-snippet":"max-snippet:-1","max-image-preview":"max-image-preview:large","max-video-preview":"max-video-preview:-1"},"canonical":"https:\/\/work-2-work.de\/?page_id=199","og_locale":"de_DE","og_type":"article","og_title":"Datenschutzhinweis - Work2Work","og_description":"Datenschutzhinweis Mit dem Absenden dieses Formulars werden die von Ihnen eingegebenen Daten (Name, E\u2011Mail\u2011Adresse und Nachricht) zum Zweck der Bearbeitung Ihrer Anfrage verarbeitet.Rechtsgrundlage hierf\u00fcr ist Art. 6 Abs. 1 lit. b DSGVO (Vertrag oder vorvertragliche Ma\u00dfnahmen).Ihre Daten werden ausschlie\u00dflich zur Bearbeitung Ihrer Anfrage verwendet und anschlie\u00dfend gel\u00f6scht, sofern keine gesetzlichen Aufbewahrungspflichten bestehen.Weitere Informationen zur Verarbeitung [&hellip;]","og_url":"https:\/\/work-2-work.de\/?page_id=199","og_site_name":"Work2Work","article_modified_time":"2026-05-04T10:46:44+00:00","twitter_card":"summary_large_image","twitter_misc":{"Gesch\u00e4tzte Lesezeit":"1\u00a0Minute"},"schema":{"@context":"https:\/\/schema.org","@graph":[{"@type":"WebPage","@id":"https:\/\/work-2-work.de\/?page_id=199","url":"https:\/\/work-2-work.de\/?page_id=199","name":"Datenschutzhinweis - Work2Work","isPartOf":{"@id":"https:\/\/work-2-work.de\/#website"},"datePublished":"2026-05-04T10:27:17+00:00","dateModified":"2026-05-04T10:46:44+00:00","breadcrumb":{"@id":"https:\/\/work-2-work.de\/?page_id=199#breadcrumb"},"inLanguage":"de","potentialAction":[{"@type":"ReadAction","target":["https:\/\/work-2-work.de\/?page_id=199"]}]},{"@type":"BreadcrumbList","@id":"https:\/\/work-2-work.de\/?page_id=199#breadcrumb","itemListElement":[{"@type":"ListItem","position":1,"name":"Home","item":"https:\/\/work-2-work.de\/"},{"@type":"ListItem","position":2,"name":"Datenschutzhinweis"}]},{"@type":"WebSite","@id":"https:\/\/work-2-work.de\/#website","url":"https:\/\/work-2-work.de\/","name":"Work2Work","description":"Die Revolution der Fahrzeugservice-Verwaltung","publisher":{"@id":"https:\/\/work-2-work.de\/#organization"},"potentialAction":[{"@type":"SearchAction","target":{"@type":"EntryPoint","urlTemplate":"https:\/\/work-2-work.de\/?s={search_term_string}"},"query-input":{"@type":"PropertyValueSpecification","valueRequired":true,"valueName":"search_term_string"}}],"inLanguage":"de"},{"@type":"Organization","@id":"https:\/\/work-2-work.de\/#organization","name":"Work2Work","url":"https:\/\/work-2-work.de\/","logo":{"@type":"ImageObject","inLanguage":"de","@id":"https:\/\/work-2-work.de\/#\/schema\/logo\/image\/","url":"https:\/\/work-2-work.de\/wp-content\/uploads\/sites\/7\/2026\/01\/Work2Work.png","contentUrl":"https:\/\/work-2-work.de\/wp-content\/uploads\/sites\/7\/2026\/01\/Work2Work.png","width":351,"height":50,"caption":"Work2Work"},"image":{"@id":"https:\/\/work-2-work.de\/#\/schema\/logo\/image\/"}}]}},"_links":{"self":[{"href":"https:\/\/work-2-work.de\/index.php?rest_route=\/wp\/v2\/pages\/199","targetHints":{"allow":["GET"]}}],"collection":[{"href":"https:\/\/work-2-work.de\/index.php?rest_route=\/wp\/v2\/pages"}],"about":[{"href":"https:\/\/work-2-work.de\/index.php?rest_route=\/wp\/v2\/types\/page"}],"author":[{"embeddable":true,"href":"https:\/\/work-2-work.de\/index.php?rest_route=\/wp\/v2\/users\/1"}],"replies":[{"embeddable":true,"href":"https:\/\/work-2-work.de\/index.php?rest_route=%2Fwp%2Fv2%2Fcomments&post=199"}],"version-history":[{"count":7,"href":"https:\/\/work-2-work.de\/index.php?rest_route=\/wp\/v2\/pages\/199\/revisions"}],"predecessor-version":[{"id":206,"href":"https:\/\/work-2-work.de\/index.php?rest_route=\/wp\/v2\/pages\/199\/revisions\/206"}],"wp:attachment":[{"href":"https:\/\/work-2-work.de\/index.php?rest_route=%2Fwp%2Fv2%2Fmedia&parent=199"}],"curies":[{"name":"wp","href":"https:\/\/api.w.org\/{rel}","templated":true}]}}